{"id":64,"date":"2026-02-11T12:57:53","date_gmt":"2026-02-11T12:57:53","guid":{"rendered":"https:\/\/astonda.mastermarketing.cloud\/?page_id=64"},"modified":"2026-02-20T15:31:21","modified_gmt":"2026-02-20T15:31:21","slug":"64-2","status":"publish","type":"page","link":"https:\/\/astonda.mastermarketing.cloud\/","title":{"rendered":"Accueil"},"content":{"rendered":"\n<div class=\"wp-block-cover alignfull has-parallax has-custom-content-position is-position-top-center\" style=\"min-height:674px;aspect-ratio:unset;\"><div class=\"wp-block-cover__image-background wp-image-66 size-large has-parallax\" style=\"background-position:50% 50%;background-image:url(https:\/\/astonda.mastermarketing.cloud\/wp-content\/uploads\/2026\/02\/Capture-decran-2026-02-03-a-15.56.15-1-1024x573.png)\"><\/div><span aria-hidden=\"true\" class=\"wp-block-cover__background has-background-dim\" style=\"background-color:#39333a\"><\/span><div class=\"wp-block-cover__inner-container is-layout-constrained wp-block-cover-is-layout-constrained\">\n<div style=\"height:100px\" aria-hidden=\"true\" class=\"wp-block-spacer\"><\/div>\n\n\n<div class=\"aligncenter is-style-default wp-block-site-logo\"><a href=\"https:\/\/astonda.mastermarketing.cloud\/\" class=\"custom-logo-link\" rel=\"home\"><img loading=\"lazy\" decoding=\"async\" width=\"280\" height=\"280\" src=\"https:\/\/astonda.mastermarketing.cloud\/wp-content\/uploads\/2026\/02\/cropped-A_Stonda_logo_transparent_4x-scaled-1.png\" class=\"custom-logo\" alt=\"A Stonda\" srcset=\"https:\/\/astonda.mastermarketing.cloud\/wp-content\/uploads\/2026\/02\/cropped-A_Stonda_logo_transparent_4x-scaled-1.png 2560w, https:\/\/astonda.mastermarketing.cloud\/wp-content\/uploads\/2026\/02\/cropped-A_Stonda_logo_transparent_4x-scaled-1-300x300.png 300w, https:\/\/astonda.mastermarketing.cloud\/wp-content\/uploads\/2026\/02\/cropped-A_Stonda_logo_transparent_4x-scaled-1-1024x1024.png 1024w, https:\/\/astonda.mastermarketing.cloud\/wp-content\/uploads\/2026\/02\/cropped-A_Stonda_logo_transparent_4x-scaled-1-150x150.png 150w, https:\/\/astonda.mastermarketing.cloud\/wp-content\/uploads\/2026\/02\/cropped-A_Stonda_logo_transparent_4x-scaled-1-768x768.png 768w, https:\/\/astonda.mastermarketing.cloud\/wp-content\/uploads\/2026\/02\/cropped-A_Stonda_logo_transparent_4x-scaled-1-1536x1536.png 1536w, https:\/\/astonda.mastermarketing.cloud\/wp-content\/uploads\/2026\/02\/cropped-A_Stonda_logo_transparent_4x-scaled-1-2048x2048.png 2048w, https:\/\/astonda.mastermarketing.cloud\/wp-content\/uploads\/2026\/02\/cropped-A_Stonda_logo_transparent_4x-scaled-1-600x600.png 600w, https:\/\/astonda.mastermarketing.cloud\/wp-content\/uploads\/2026\/02\/cropped-A_Stonda_logo_transparent_4x-scaled-1-100x100.png 100w\" sizes=\"auto, (max-width: 280px) 100vw, 280px\" \/><\/a><\/div>\n\n\n<h1 class=\"wp-block-heading has-text-align-center\"><mark style=\"background-color:rgba(0, 0, 0, 0)\" class=\"has-inline-color has-ast-global-color-2-color\">Le plaisir partag\u00e9<\/mark><\/h1>\n<\/div><\/div>\n\n\n\n<div class=\"wp-block-columns is-layout-flex wp-container-core-columns-is-layout-28f84493 wp-block-columns-is-layout-flex\">\n<div class=\"wp-block-column is-layout-flow wp-block-column-is-layout-flow\" style=\"flex-basis:66.66%\">\n<p>Nous sommes un concept de Restaurant adoss\u00e9 \u00e0 une \u00e9picerie fine de blabla bla blabla blala. Lorem Ipsum <strong>Lorem Ipsum<\/strong>&nbsp;is simply dummy text of the printing and typesetting industry. Lorem Ipsum has been the industry&rsquo;s standard dummy text ever since the 1500s, when an unknown printer took a galley of type and scrambled it to make a type specimen book. It has survived not only five centuries, but also the leap into electronic typesetting, remaining essentially unchanged. It was popularised in the 1960s with the release of Letraset sheets containing Lorem Ipsum passages, and more recently with desktop publishing software like Aldus PageMaker including versions of Lorem Ipsum.<\/p>\n\n\n\n<p><strong>Lorem Ipsum<\/strong>&nbsp;is simply dummy text of the printing and typesetting industry. Lorem Ipsum has been the industry&rsquo;s standard dummy text ever since the 1500s, when an unknown printer took a galley of type and scrambled it to make a type specimen book. It has survived not only five centuries, but also the leap into electronic typesetting, remaining essentially unchanged. It was popularised in the 1960s with the release of Letraset sheets containing Lorem Ipsum passages, and more recently with desktop publishing software like Aldus PageMaker including versions of Lorem Ipsum.<\/p>\n<\/div>\n\n\n\n<div class=\"wp-block-column is-layout-flow wp-block-column-is-layout-flow\" style=\"flex-basis:33.33%\">\n<figure class=\"wp-block-image size-large\"><img loading=\"lazy\" decoding=\"async\" width=\"1009\" height=\"1024\" src=\"http:\/\/astonda.mastermarketing.cloud\/wp-content\/uploads\/2026\/02\/Capture-decran-2026-02-11-a-15.17.45-1009x1024.png\" alt=\"\" class=\"wp-image-81\" style=\"aspect-ratio:3\/2;object-fit:contain\" srcset=\"https:\/\/astonda.mastermarketing.cloud\/wp-content\/uploads\/2026\/02\/Capture-decran-2026-02-11-a-15.17.45-1009x1024.png 1009w, https:\/\/astonda.mastermarketing.cloud\/wp-content\/uploads\/2026\/02\/Capture-decran-2026-02-11-a-15.17.45-296x300.png 296w, https:\/\/astonda.mastermarketing.cloud\/wp-content\/uploads\/2026\/02\/Capture-decran-2026-02-11-a-15.17.45-768x780.png 768w, https:\/\/astonda.mastermarketing.cloud\/wp-content\/uploads\/2026\/02\/Capture-decran-2026-02-11-a-15.17.45-600x609.png 600w, https:\/\/astonda.mastermarketing.cloud\/wp-content\/uploads\/2026\/02\/Capture-decran-2026-02-11-a-15.17.45-100x100.png 100w, https:\/\/astonda.mastermarketing.cloud\/wp-content\/uploads\/2026\/02\/Capture-decran-2026-02-11-a-15.17.45.png 1060w\" sizes=\"auto, (max-width: 1009px) 100vw, 1009px\" \/><\/figure>\n<\/div>\n<\/div>\n\n\n\n<div class=\"wp-block-group alignfull has-background-color is-layout-constrained wp-container-core-group-is-layout-5d2f8bdc wp-block-group-is-layout-constrained\" style=\"margin-top:0;margin-bottom:0;padding-top:var(--wp--preset--spacing--40);padding-right:var(--wp--preset--spacing--30);padding-bottom:var(--wp--preset--spacing--40);padding-left:var(--wp--preset--spacing--30)\">\n<div class=\"wp-block-group alignwide is-content-justification-space-between is-layout-flex wp-container-core-group-is-layout-b585a4aa wp-block-group-is-layout-flex\">\n<div class=\"wp-block-group is-layout-flex wp-block-group-is-layout-flex\"><h1 class=\"wp-block-site-title has-small-font-size\"><a href=\"https:\/\/astonda.mastermarketing.cloud\" target=\"_self\" rel=\"home\">A Stonda<\/a><\/h1><\/div>\n\n\n<div class=\"is-default-size wp-block-site-logo\"><a href=\"https:\/\/astonda.mastermarketing.cloud\/\" class=\"custom-logo-link\" rel=\"home\"><img loading=\"lazy\" decoding=\"async\" width=\"2560\" height=\"2560\" src=\"https:\/\/astonda.mastermarketing.cloud\/wp-content\/uploads\/2026\/02\/cropped-A_Stonda_logo_transparent_4x-scaled-1.png\" class=\"custom-logo\" alt=\"A Stonda\" srcset=\"https:\/\/astonda.mastermarketing.cloud\/wp-content\/uploads\/2026\/02\/cropped-A_Stonda_logo_transparent_4x-scaled-1.png 2560w, https:\/\/astonda.mastermarketing.cloud\/wp-content\/uploads\/2026\/02\/cropped-A_Stonda_logo_transparent_4x-scaled-1-300x300.png 300w, https:\/\/astonda.mastermarketing.cloud\/wp-content\/uploads\/2026\/02\/cropped-A_Stonda_logo_transparent_4x-scaled-1-1024x1024.png 1024w, https:\/\/astonda.mastermarketing.cloud\/wp-content\/uploads\/2026\/02\/cropped-A_Stonda_logo_transparent_4x-scaled-1-150x150.png 150w, https:\/\/astonda.mastermarketing.cloud\/wp-content\/uploads\/2026\/02\/cropped-A_Stonda_logo_transparent_4x-scaled-1-768x768.png 768w, https:\/\/astonda.mastermarketing.cloud\/wp-content\/uploads\/2026\/02\/cropped-A_Stonda_logo_transparent_4x-scaled-1-1536x1536.png 1536w, https:\/\/astonda.mastermarketing.cloud\/wp-content\/uploads\/2026\/02\/cropped-A_Stonda_logo_transparent_4x-scaled-1-2048x2048.png 2048w, https:\/\/astonda.mastermarketing.cloud\/wp-content\/uploads\/2026\/02\/cropped-A_Stonda_logo_transparent_4x-scaled-1-600x600.png 600w, https:\/\/astonda.mastermarketing.cloud\/wp-content\/uploads\/2026\/02\/cropped-A_Stonda_logo_transparent_4x-scaled-1-100x100.png 100w\" sizes=\"auto, (max-width: 2560px) 100vw, 2560px\" \/><\/a><\/div>\n\n\n<p class=\"has-small-font-size\"> Proudly powered by <a rel=\"nofollow\" href=\"https:\/\/wordpress.org\">WordPress<\/a> <\/p>\n<\/div>\n<\/div>\n\n\n\n<p><\/p>\n","protected":false},"excerpt":{"rendered":"<p>Nous sommes un concept de Restaurant adoss\u00e9 \u00e0 une \u00e9picerie fine de blabla bla blabla blala. Lorem Ipsum Lorem Ipsum&nbsp;is [&hellip;]<\/p>\n","protected":false},"author":2,"featured_media":0,"parent":0,"menu_order":0,"comment_status":"closed","ping_status":"closed","template":"","meta":{"site-sidebar-layout":"right-sidebar","site-content-layout":"","ast-site-content-layout":"full-width-container","site-content-style":"default","site-sidebar-style":"default","ast-global-header-display":"","ast-banner-title-visibility":"disabled","ast-main-header-display":"","ast-hfb-above-header-display":"","ast-hfb-below-header-display":"","ast-hfb-mobile-header-display":"","site-post-title":"disabled","ast-breadcrumbs-content":"","ast-featured-img":"","footer-sml-layout":"disabled","ast-disable-related-posts":"","theme-transparent-header-meta":"","adv-header-id-meta":"","stick-header-meta":"","header-above-stick-meta":"","header-main-stick-meta":"","header-below-stick-meta":"","astra-migrate-meta-layouts":"default","ast-page-background-enabled":"default","ast-page-background-meta":{"desktop":{"background-color":"var(--ast-global-color-5)","background-image":"","background-repeat":"repeat","background-position":"center center","background-size":"auto","background-attachment":"scroll","background-type":"","background-media":"","overlay-type":"","overlay-color":"","overlay-opacity":"","overlay-gradient":""},"tablet":{"background-color":"","background-image":"","background-repeat":"repeat","background-position":"center center","background-size":"auto","background-attachment":"scroll","background-type":"","background-media":"","overlay-type":"","overlay-color":"","overlay-opacity":"","overlay-gradient":""},"mobile":{"background-color":"","background-image":"","background-repeat":"repeat","background-position":"center center","background-size":"auto","background-attachment":"scroll","background-type":"","background-media":"","overlay-type":"","overlay-color":"","overlay-opacity":"","overlay-gradient":""}},"ast-content-background-meta":{"desktop":{"background-color":"var(--ast-global-color-4)","background-image":"","background-repeat":"repeat","background-position":"center center","background-size":"auto","background-attachment":"scroll","background-type":"","background-media":"","overlay-type":"","overlay-color":"","overlay-opacity":"","overlay-gradient":""},"tablet":{"background-color":"var(--ast-global-color-4)","background-image":"","background-repeat":"repeat","background-position":"center center","background-size":"auto","background-attachment":"scroll","background-type":"","background-media":"","overlay-type":"","overlay-color":"","overlay-opacity":"","overlay-gradient":""},"mobile":{"background-color":"var(--ast-global-color-4)","background-image":"","background-repeat":"repeat","background-position":"center center","background-size":"auto","background-attachment":"scroll","background-type":"","background-media":"","overlay-type":"","overlay-color":"","overlay-opacity":"","overlay-gradient":""}},"footnotes":""},"class_list":["post-64","page","type-page","status-publish","hentry"],"_links":{"self":[{"href":"https:\/\/astonda.mastermarketing.cloud\/index.php\/wp-json\/wp\/v2\/pages\/64","targetHints":{"allow":["GET"]}}],"collection":[{"href":"https:\/\/astonda.mastermarketing.cloud\/index.php\/wp-json\/wp\/v2\/pages"}],"about":[{"href":"https:\/\/astonda.mastermarketing.cloud\/index.php\/wp-json\/wp\/v2\/types\/page"}],"author":[{"embeddable":true,"href":"https:\/\/astonda.mastermarketing.cloud\/index.php\/wp-json\/wp\/v2\/users\/2"}],"replies":[{"embeddable":true,"href":"https:\/\/astonda.mastermarketing.cloud\/index.php\/wp-json\/wp\/v2\/comments?post=64"}],"version-history":[{"count":28,"href":"https:\/\/astonda.mastermarketing.cloud\/index.php\/wp-json\/wp\/v2\/pages\/64\/revisions"}],"predecessor-version":[{"id":149,"href":"https:\/\/astonda.mastermarketing.cloud\/index.php\/wp-json\/wp\/v2\/pages\/64\/revisions\/149"}],"wp:attachment":[{"href":"https:\/\/astonda.mastermarketing.cloud\/index.php\/wp-json\/wp\/v2\/media?parent=64"}],"curies":[{"name":"wp","href":"https:\/\/api.w.org\/{rel}","templated":true}]}}